{"id":104,"date":"2022-10-29T11:57:48","date_gmt":"2022-10-29T11:57:48","guid":{"rendered":"https:\/\/moebel-schroeder.net\/index.html\/?page_id=104"},"modified":"2022-11-09T11:02:56","modified_gmt":"2022-11-09T11:02:56","slug":"schlafen-html","status":"publish","type":"page","link":"https:\/\/moebel-schroeder.net\/index.html\/schlafen-html\/","title":{"rendered":"Lebe deinen Traum!!!"},"content":{"rendered":"\n<p>Durch flexible Gestaltungsm\u00f6glichkeiten brechen Sie aus alten Mustern und erhalten neue Ideen und Perspektiven.  Wir planen f\u00fcr Sie ein stilvoll Ambiente f\u00fcr sch\u00f6ne Tr\u00e4ume und einen wunderbaren Schlafkomfort. <\/p>\n\n\n\n<figure class=\"wp-block-gallery has-nested-images columns-default is-cropped wp-block-gallery-1 is-layout-flex wp-block-gallery-is-layout-flex\">\n<figure class=\"wp-block-image size-large\"><img loading=\"lazy\" decoding=\"async\" width=\"1024\" height=\"724\" data-id=\"226\" src=\"http:\/\/moebel-schroeder.net\/wp-content\/uploads\/2022\/11\/KIRUNA_4_00363_19_Eiche-TM_Champ._SWT300cm_H236cm_2xBett_100x200cm_m._Stollenfussteil_Polster_Naka_3SK_60cm-1024x724.jpg\" alt=\"\" class=\"wp-image-226\" srcset=\"https:\/\/moebel-schroeder.net\/wp-content\/uploads\/2022\/11\/KIRUNA_4_00363_19_Eiche-TM_Champ._SWT300cm_H236cm_2xBett_100x200cm_m._Stollenfussteil_Polster_Naka_3SK_60cm-1024x724.jpg 1024w, https:\/\/moebel-schroeder.net\/wp-content\/uploads\/2022\/11\/KIRUNA_4_00363_19_Eiche-TM_Champ._SWT300cm_H236cm_2xBett_100x200cm_m._Stollenfussteil_Polster_Naka_3SK_60cm-300x212.jpg 300w, https:\/\/moebel-schroeder.net\/wp-content\/uploads\/2022\/11\/KIRUNA_4_00363_19_Eiche-TM_Champ._SWT300cm_H236cm_2xBett_100x200cm_m._Stollenfussteil_Polster_Naka_3SK_60cm-768x543.jpg 768w, https:\/\/moebel-schroeder.net\/wp-content\/uploads\/2022\/11\/KIRUNA_4_00363_19_Eiche-TM_Champ._SWT300cm_H236cm_2xBett_100x200cm_m._Stollenfussteil_Polster_Naka_3SK_60cm-1536x1086.jpg 1536w, https:\/\/moebel-schroeder.net\/wp-content\/uploads\/2022\/11\/KIRUNA_4_00363_19_Eiche-TM_Champ._SWT300cm_H236cm_2xBett_100x200cm_m._Stollenfussteil_Polster_Naka_3SK_60cm-2048x1448.jpg 2048w\" sizes=\"auto, (max-width: 1024px) 100vw, 1024px\" \/><\/figure>\n\n\n\n<figure class=\"wp-block-image size-large\"><img loading=\"lazy\" decoding=\"async\" width=\"1024\" height=\"724\" data-id=\"229\" src=\"http:\/\/moebel-schroeder.net\/wp-content\/uploads\/2022\/11\/KIRUNA_5_00364_19_Eiche-TM_Champ._DTS300cm_H236cm_Bett_m._Quersockel_180x200cm_Naka_schwebend_1SK_Bank-1024x724.jpg\" alt=\"\" class=\"wp-image-229\" srcset=\"https:\/\/moebel-schroeder.net\/wp-content\/uploads\/2022\/11\/KIRUNA_5_00364_19_Eiche-TM_Champ._DTS300cm_H236cm_Bett_m._Quersockel_180x200cm_Naka_schwebend_1SK_Bank-1024x724.jpg 1024w, https:\/\/moebel-schroeder.net\/wp-content\/uploads\/2022\/11\/KIRUNA_5_00364_19_Eiche-TM_Champ._DTS300cm_H236cm_Bett_m._Quersockel_180x200cm_Naka_schwebend_1SK_Bank-300x212.jpg 300w, https:\/\/moebel-schroeder.net\/wp-content\/uploads\/2022\/11\/KIRUNA_5_00364_19_Eiche-TM_Champ._DTS300cm_H236cm_Bett_m._Quersockel_180x200cm_Naka_schwebend_1SK_Bank-768x543.jpg 768w, https:\/\/moebel-schroeder.net\/wp-content\/uploads\/2022\/11\/KIRUNA_5_00364_19_Eiche-TM_Champ._DTS300cm_H236cm_Bett_m._Quersockel_180x200cm_Naka_schwebend_1SK_Bank-1536x1086.jpg 1536w, https:\/\/moebel-schroeder.net\/wp-content\/uploads\/2022\/11\/KIRUNA_5_00364_19_Eiche-TM_Champ._DTS300cm_H236cm_Bett_m._Quersockel_180x200cm_Naka_schwebend_1SK_Bank-2048x1448.jpg 2048w\" sizes=\"auto, (max-width: 1024px) 100vw, 1024px\" \/><\/figure>\n\n\n\n<figure class=\"wp-block-image size-large\"><img loading=\"lazy\" decoding=\"async\" width=\"1024\" height=\"670\" data-id=\"225\" src=\"http:\/\/moebel-schroeder.net\/wp-content\/uploads\/2022\/11\/KORFU_7589_19_Graphit-NB_Abs.Bianco-Eiche-NB_B300cm_H217cm_Stollen_inkl.AufbauLED-1024x670.jpg\" alt=\"\" class=\"wp-image-225\" srcset=\"https:\/\/moebel-schroeder.net\/wp-content\/uploads\/2022\/11\/KORFU_7589_19_Graphit-NB_Abs.Bianco-Eiche-NB_B300cm_H217cm_Stollen_inkl.AufbauLED-1024x670.jpg 1024w, https:\/\/moebel-schroeder.net\/wp-content\/uploads\/2022\/11\/KORFU_7589_19_Graphit-NB_Abs.Bianco-Eiche-NB_B300cm_H217cm_Stollen_inkl.AufbauLED-300x196.jpg 300w, https:\/\/moebel-schroeder.net\/wp-content\/uploads\/2022\/11\/KORFU_7589_19_Graphit-NB_Abs.Bianco-Eiche-NB_B300cm_H217cm_Stollen_inkl.AufbauLED-768x503.jpg 768w, https:\/\/moebel-schroeder.net\/wp-content\/uploads\/2022\/11\/KORFU_7589_19_Graphit-NB_Abs.Bianco-Eiche-NB_B300cm_H217cm_Stollen_inkl.AufbauLED-1536x1005.jpg 1536w, https:\/\/moebel-schroeder.net\/wp-content\/uploads\/2022\/11\/KORFU_7589_19_Graphit-NB_Abs.Bianco-Eiche-NB_B300cm_H217cm_Stollen_inkl.AufbauLED-2048x1340.jpg 2048w\" sizes=\"auto, (max-width: 1024px) 100vw, 1024px\" \/><\/figure>\n\n\n\n<figure class=\"wp-block-image size-large\"><img loading=\"lazy\" decoding=\"async\" width=\"1024\" height=\"724\" data-id=\"227\" src=\"http:\/\/moebel-schroeder.net\/wp-content\/uploads\/2022\/11\/LIVORNO_02760_19_Astkernbuche_Gl.Champ_.SWT300cm_Bett_180x200cm_Polster_schlicht_WF_Naka_schw_red.-1024x724.jpg\" alt=\"\" class=\"wp-image-227\" srcset=\"https:\/\/moebel-schroeder.net\/wp-content\/uploads\/2022\/11\/LIVORNO_02760_19_Astkernbuche_Gl.Champ_.SWT300cm_Bett_180x200cm_Polster_schlicht_WF_Naka_schw_red.-1024x724.jpg 1024w, https:\/\/moebel-schroeder.net\/wp-content\/uploads\/2022\/11\/LIVORNO_02760_19_Astkernbuche_Gl.Champ_.SWT300cm_Bett_180x200cm_Polster_schlicht_WF_Naka_schw_red.-300x212.jpg 300w, https:\/\/moebel-schroeder.net\/wp-content\/uploads\/2022\/11\/LIVORNO_02760_19_Astkernbuche_Gl.Champ_.SWT300cm_Bett_180x200cm_Polster_schlicht_WF_Naka_schw_red.-768x543.jpg 768w, https:\/\/moebel-schroeder.net\/wp-content\/uploads\/2022\/11\/LIVORNO_02760_19_Astkernbuche_Gl.Champ_.SWT300cm_Bett_180x200cm_Polster_schlicht_WF_Naka_schw_red.-1536x1086.jpg 1536w, https:\/\/moebel-schroeder.net\/wp-content\/uploads\/2022\/11\/LIVORNO_02760_19_Astkernbuche_Gl.Champ_.SWT300cm_Bett_180x200cm_Polster_schlicht_WF_Naka_schw_red.-2048x1448.jpg 2048w\" sizes=\"auto, (max-width: 1024px) 100vw, 1024px\" \/><\/figure>\n\n\n\n<figure class=\"wp-block-image size-large\"><img loading=\"lazy\" decoding=\"async\" width=\"1024\" height=\"732\" data-id=\"228\" src=\"http:\/\/moebel-schroeder.net\/wp-content\/uploads\/2022\/11\/LOFT_02726_19_Bianco-Eiche-NB_Gl.champ_aussen_3SK_Bett_180x200cm_Holz-KT_48cm_m.Bel_._Var.-1024x732.jpg\" alt=\"\" class=\"wp-image-228\" srcset=\"https:\/\/moebel-schroeder.net\/wp-content\/uploads\/2022\/11\/LOFT_02726_19_Bianco-Eiche-NB_Gl.champ_aussen_3SK_Bett_180x200cm_Holz-KT_48cm_m.Bel_._Var.-1024x732.jpg 1024w, https:\/\/moebel-schroeder.net\/wp-content\/uploads\/2022\/11\/LOFT_02726_19_Bianco-Eiche-NB_Gl.champ_aussen_3SK_Bett_180x200cm_Holz-KT_48cm_m.Bel_._Var.-300x214.jpg 300w, https:\/\/moebel-schroeder.net\/wp-content\/uploads\/2022\/11\/LOFT_02726_19_Bianco-Eiche-NB_Gl.champ_aussen_3SK_Bett_180x200cm_Holz-KT_48cm_m.Bel_._Var.-768x549.jpg 768w, https:\/\/moebel-schroeder.net\/wp-content\/uploads\/2022\/11\/LOFT_02726_19_Bianco-Eiche-NB_Gl.champ_aussen_3SK_Bett_180x200cm_Holz-KT_48cm_m.Bel_._Var.-1536x1097.jpg 1536w, https:\/\/moebel-schroeder.net\/wp-content\/uploads\/2022\/11\/LOFT_02726_19_Bianco-Eiche-NB_Gl.champ_aussen_3SK_Bett_180x200cm_Holz-KT_48cm_m.Bel_._Var.-2048x1463.jpg 2048w\" sizes=\"auto, (max-width: 1024px) 100vw, 1024px\" \/><\/figure>\n<\/figure>\n\n\n\n<p>Verpassen Sie ihrem Schlafzimmer ein neues Outfit. Durch Farbe, Form und sorgf\u00e4ltige Verarbeitungsmethoden schaffen Sie sich eine Wohlf\u00fchloase zur Entspannung vom Alltagsstress.<\/p>\n\n\n\n<figure class=\"wp-block-gallery has-nested-images columns-default is-cropped wp-block-gallery-2 is-layout-flex wp-block-gallery-is-layout-flex\">\n<figure class=\"wp-block-image size-large\"><img loading=\"lazy\" decoding=\"async\" width=\"1024\" height=\"653\" data-id=\"231\" src=\"http:\/\/moebel-schroeder.net\/wp-content\/uploads\/2022\/11\/LOFT_4884_15_Bianco-Eiche-NBFront-Glas-champagner_Eckkomb.m.begehb.Eckschrank-1024x653.jpg\" alt=\"\" class=\"wp-image-231\" srcset=\"https:\/\/moebel-schroeder.net\/wp-content\/uploads\/2022\/11\/LOFT_4884_15_Bianco-Eiche-NBFront-Glas-champagner_Eckkomb.m.begehb.Eckschrank-1024x653.jpg 1024w, https:\/\/moebel-schroeder.net\/wp-content\/uploads\/2022\/11\/LOFT_4884_15_Bianco-Eiche-NBFront-Glas-champagner_Eckkomb.m.begehb.Eckschrank-300x191.jpg 300w, https:\/\/moebel-schroeder.net\/wp-content\/uploads\/2022\/11\/LOFT_4884_15_Bianco-Eiche-NBFront-Glas-champagner_Eckkomb.m.begehb.Eckschrank-768x490.jpg 768w, https:\/\/moebel-schroeder.net\/wp-content\/uploads\/2022\/11\/LOFT_4884_15_Bianco-Eiche-NBFront-Glas-champagner_Eckkomb.m.begehb.Eckschrank-1536x979.jpg 1536w, https:\/\/moebel-schroeder.net\/wp-content\/uploads\/2022\/11\/LOFT_4884_15_Bianco-Eiche-NBFront-Glas-champagner_Eckkomb.m.begehb.Eckschrank-2048x1306.jpg 2048w\" sizes=\"auto, (max-width: 1024px) 100vw, 1024px\" \/><\/figure>\n\n\n\n<figure class=\"wp-block-image size-large\"><img loading=\"lazy\" decoding=\"async\" width=\"1024\" height=\"720\" data-id=\"235\" src=\"http:\/\/moebel-schroeder.net\/wp-content\/uploads\/2022\/11\/LOFT_bear_Havanna-D.-Fr.Gl_.weiss_FKTS300cm-mit.-4SKmittig-H236cm-m.PPTBel_Bett-180x200cm_Naka-25SK-1024x720.jpg\" alt=\"\" class=\"wp-image-235\" srcset=\"https:\/\/moebel-schroeder.net\/wp-content\/uploads\/2022\/11\/LOFT_bear_Havanna-D.-Fr.Gl_.weiss_FKTS300cm-mit.-4SKmittig-H236cm-m.PPTBel_Bett-180x200cm_Naka-25SK-1024x720.jpg 1024w, https:\/\/moebel-schroeder.net\/wp-content\/uploads\/2022\/11\/LOFT_bear_Havanna-D.-Fr.Gl_.weiss_FKTS300cm-mit.-4SKmittig-H236cm-m.PPTBel_Bett-180x200cm_Naka-25SK-300x211.jpg 300w, https:\/\/moebel-schroeder.net\/wp-content\/uploads\/2022\/11\/LOFT_bear_Havanna-D.-Fr.Gl_.weiss_FKTS300cm-mit.-4SKmittig-H236cm-m.PPTBel_Bett-180x200cm_Naka-25SK-768x540.jpg 768w, https:\/\/moebel-schroeder.net\/wp-content\/uploads\/2022\/11\/LOFT_bear_Havanna-D.-Fr.Gl_.weiss_FKTS300cm-mit.-4SKmittig-H236cm-m.PPTBel_Bett-180x200cm_Naka-25SK-1536x1080.jpg 1536w, https:\/\/moebel-schroeder.net\/wp-content\/uploads\/2022\/11\/LOFT_bear_Havanna-D.-Fr.Gl_.weiss_FKTS300cm-mit.-4SKmittig-H236cm-m.PPTBel_Bett-180x200cm_Naka-25SK-2048x1441.jpg 2048w\" sizes=\"auto, (max-width: 1024px) 100vw, 1024px\" \/><\/figure>\n\n\n\n<figure class=\"wp-block-image size-large\"><img loading=\"lazy\" decoding=\"async\" width=\"1024\" height=\"724\" data-id=\"234\" src=\"http:\/\/moebel-schroeder.net\/wp-content\/uploads\/2022\/11\/LUXOR4_00258_20_Steineiche-NB_DTS300cmmit.2Spi-m.Kranzleiste_Bett-180x200cm_m.SK_Nakas-3SK_Griffe-chrom-1024x724.jpg\" alt=\"\" class=\"wp-image-234\" srcset=\"https:\/\/moebel-schroeder.net\/wp-content\/uploads\/2022\/11\/LUXOR4_00258_20_Steineiche-NB_DTS300cmmit.2Spi-m.Kranzleiste_Bett-180x200cm_m.SK_Nakas-3SK_Griffe-chrom-1024x724.jpg 1024w, https:\/\/moebel-schroeder.net\/wp-content\/uploads\/2022\/11\/LUXOR4_00258_20_Steineiche-NB_DTS300cmmit.2Spi-m.Kranzleiste_Bett-180x200cm_m.SK_Nakas-3SK_Griffe-chrom-300x212.jpg 300w, https:\/\/moebel-schroeder.net\/wp-content\/uploads\/2022\/11\/LUXOR4_00258_20_Steineiche-NB_DTS300cmmit.2Spi-m.Kranzleiste_Bett-180x200cm_m.SK_Nakas-3SK_Griffe-chrom-768x543.jpg 768w, https:\/\/moebel-schroeder.net\/wp-content\/uploads\/2022\/11\/LUXOR4_00258_20_Steineiche-NB_DTS300cmmit.2Spi-m.Kranzleiste_Bett-180x200cm_m.SK_Nakas-3SK_Griffe-chrom-1536x1086.jpg 1536w, https:\/\/moebel-schroeder.net\/wp-content\/uploads\/2022\/11\/LUXOR4_00258_20_Steineiche-NB_DTS300cmmit.2Spi-m.Kranzleiste_Bett-180x200cm_m.SK_Nakas-3SK_Griffe-chrom-2048x1448.jpg 2048w\" sizes=\"auto, (max-width: 1024px) 100vw, 1024px\" \/><\/figure>\n\n\n\n<figure class=\"wp-block-image size-large\"><img loading=\"lazy\" decoding=\"async\" width=\"1024\" height=\"724\" data-id=\"233\" src=\"http:\/\/moebel-schroeder.net\/wp-content\/uploads\/2022\/11\/LUXOR4_Polar-Laerche-NB_Bettbrueckenkombination_Schrank-m.durchgehenden-Spiegeltueren-1024x724.jpg\" alt=\"\" class=\"wp-image-233\" srcset=\"https:\/\/moebel-schroeder.net\/wp-content\/uploads\/2022\/11\/LUXOR4_Polar-Laerche-NB_Bettbrueckenkombination_Schrank-m.durchgehenden-Spiegeltueren-1024x724.jpg 1024w, https:\/\/moebel-schroeder.net\/wp-content\/uploads\/2022\/11\/LUXOR4_Polar-Laerche-NB_Bettbrueckenkombination_Schrank-m.durchgehenden-Spiegeltueren-300x212.jpg 300w, https:\/\/moebel-schroeder.net\/wp-content\/uploads\/2022\/11\/LUXOR4_Polar-Laerche-NB_Bettbrueckenkombination_Schrank-m.durchgehenden-Spiegeltueren-768x543.jpg 768w, https:\/\/moebel-schroeder.net\/wp-content\/uploads\/2022\/11\/LUXOR4_Polar-Laerche-NB_Bettbrueckenkombination_Schrank-m.durchgehenden-Spiegeltueren-1536x1086.jpg 1536w, https:\/\/moebel-schroeder.net\/wp-content\/uploads\/2022\/11\/LUXOR4_Polar-Laerche-NB_Bettbrueckenkombination_Schrank-m.durchgehenden-Spiegeltueren-2048x1448.jpg 2048w\" sizes=\"auto, (max-width: 1024px) 100vw, 1024px\" \/><\/figure>\n\n\n\n<figure class=\"wp-block-image size-large\"><img loading=\"lazy\" decoding=\"async\" width=\"1024\" height=\"724\" data-id=\"230\" src=\"http:\/\/moebel-schroeder.net\/wp-content\/uploads\/2022\/11\/LUXOR4_Polar-Laerche-NB_FKTS_275cmmit.2Spi3SKm.Kranzleiste_Bett-180x200cm_Nakas-3SK-1024x724.jpg\" alt=\"\" class=\"wp-image-230\" srcset=\"https:\/\/moebel-schroeder.net\/wp-content\/uploads\/2022\/11\/LUXOR4_Polar-Laerche-NB_FKTS_275cmmit.2Spi3SKm.Kranzleiste_Bett-180x200cm_Nakas-3SK-1024x724.jpg 1024w, https:\/\/moebel-schroeder.net\/wp-content\/uploads\/2022\/11\/LUXOR4_Polar-Laerche-NB_FKTS_275cmmit.2Spi3SKm.Kranzleiste_Bett-180x200cm_Nakas-3SK-300x212.jpg 300w, https:\/\/moebel-schroeder.net\/wp-content\/uploads\/2022\/11\/LUXOR4_Polar-Laerche-NB_FKTS_275cmmit.2Spi3SKm.Kranzleiste_Bett-180x200cm_Nakas-3SK-768x543.jpg 768w, https:\/\/moebel-schroeder.net\/wp-content\/uploads\/2022\/11\/LUXOR4_Polar-Laerche-NB_FKTS_275cmmit.2Spi3SKm.Kranzleiste_Bett-180x200cm_Nakas-3SK-1536x1086.jpg 1536w, https:\/\/moebel-schroeder.net\/wp-content\/uploads\/2022\/11\/LUXOR4_Polar-Laerche-NB_FKTS_275cmmit.2Spi3SKm.Kranzleiste_Bett-180x200cm_Nakas-3SK-2048x1448.jpg 2048w\" sizes=\"auto, (max-width: 1024px) 100vw, 1024px\" \/><\/figure>\n\n\n\n<figure class=\"wp-block-image size-large\"><img loading=\"lazy\" decoding=\"async\" width=\"1024\" height=\"724\" data-id=\"232\" src=\"http:\/\/moebel-schroeder.net\/wp-content\/uploads\/2022\/11\/MONACO_1000_2000_03031_19_EBI_Gl.Champ_._Eckkombination_Falttueren_Griffe_Silber-1024x724.jpg\" alt=\"\" class=\"wp-image-232\" srcset=\"https:\/\/moebel-schroeder.net\/wp-content\/uploads\/2022\/11\/MONACO_1000_2000_03031_19_EBI_Gl.Champ_._Eckkombination_Falttueren_Griffe_Silber-1024x724.jpg 1024w, https:\/\/moebel-schroeder.net\/wp-content\/uploads\/2022\/11\/MONACO_1000_2000_03031_19_EBI_Gl.Champ_._Eckkombination_Falttueren_Griffe_Silber-300x212.jpg 300w, https:\/\/moebel-schroeder.net\/wp-content\/uploads\/2022\/11\/MONACO_1000_2000_03031_19_EBI_Gl.Champ_._Eckkombination_Falttueren_Griffe_Silber-768x543.jpg 768w, https:\/\/moebel-schroeder.net\/wp-content\/uploads\/2022\/11\/MONACO_1000_2000_03031_19_EBI_Gl.Champ_._Eckkombination_Falttueren_Griffe_Silber-1536x1086.jpg 1536w, https:\/\/moebel-schroeder.net\/wp-content\/uploads\/2022\/11\/MONACO_1000_2000_03031_19_EBI_Gl.Champ_._Eckkombination_Falttueren_Griffe_Silber-2048x1448.jpg 2048w\" sizes=\"auto, (max-width: 1024px) 100vw, 1024px\" \/><\/figure>\n\n\n\n<figure class=\"wp-block-image size-large\"><img loading=\"lazy\" decoding=\"async\" width=\"1024\" height=\"724\" data-id=\"236\" src=\"http:\/\/moebel-schroeder.net\/wp-content\/uploads\/2022\/11\/MONACO4000_03115_19_Kommode_2_tuerig_5_schub-1024x724.jpg\" alt=\"\" class=\"wp-image-236\" srcset=\"https:\/\/moebel-schroeder.net\/wp-content\/uploads\/2022\/11\/MONACO4000_03115_19_Kommode_2_tuerig_5_schub-1024x724.jpg 1024w, https:\/\/moebel-schroeder.net\/wp-content\/uploads\/2022\/11\/MONACO4000_03115_19_Kommode_2_tuerig_5_schub-300x212.jpg 300w, https:\/\/moebel-schroeder.net\/wp-content\/uploads\/2022\/11\/MONACO4000_03115_19_Kommode_2_tuerig_5_schub-768x543.jpg 768w, https:\/\/moebel-schroeder.net\/wp-content\/uploads\/2022\/11\/MONACO4000_03115_19_Kommode_2_tuerig_5_schub-1536x1086.jpg 1536w, https:\/\/moebel-schroeder.net\/wp-content\/uploads\/2022\/11\/MONACO4000_03115_19_Kommode_2_tuerig_5_schub-2048x1448.jpg 2048w\" sizes=\"auto, (max-width: 1024px) 100vw, 1024px\" \/><\/figure>\n<\/figure>\n","protected":false},"excerpt":{"rendered":"<p>Durch flexible Gestaltungsm\u00f6glichkeiten brechen Sie aus alten Mustern und erhalten neue Ideen und Perspektiven. Wir planen f\u00fcr Sie ein stilvoll Ambiente f\u00fcr sch\u00f6ne Tr\u00e4ume und einen wunderbaren Schlafkomfort. Verpassen Sie ihrem Schlafzimmer ein neues Outfit. Durch Farbe, Form und sorgf\u00e4ltige Verarbeitungsmethoden schaffen Sie sich eine Wohlf\u00fchloase zur Entspannung vom Alltagsstress.<\/p>\n","protected":false},"author":1,"featured_media":0,"parent":0,"menu_order":0,"comment_status":"closed","ping_status":"closed","template":"","meta":{"footnotes":""},"class_list":["post-104","page","type-page","status-publish","hentry"],"_links":{"self":[{"href":"https:\/\/moebel-schroeder.net\/index.html\/wp-json\/wp\/v2\/pages\/104","targetHints":{"allow":["GET"]}}],"collection":[{"href":"https:\/\/moebel-schroeder.net\/index.html\/wp-json\/wp\/v2\/pages"}],"about":[{"href":"https:\/\/moebel-schroeder.net\/index.html\/wp-json\/wp\/v2\/types\/page"}],"author":[{"embeddable":true,"href":"https:\/\/moebel-schroeder.net\/index.html\/wp-json\/wp\/v2\/users\/1"}],"replies":[{"embeddable":true,"href":"https:\/\/moebel-schroeder.net\/index.html\/wp-json\/wp\/v2\/comments?post=104"}],"version-history":[{"count":4,"href":"https:\/\/moebel-schroeder.net\/index.html\/wp-json\/wp\/v2\/pages\/104\/revisions"}],"predecessor-version":[{"id":238,"href":"https:\/\/moebel-schroeder.net\/index.html\/wp-json\/wp\/v2\/pages\/104\/revisions\/238"}],"wp:attachment":[{"href":"https:\/\/moebel-schroeder.net\/index.html\/wp-json\/wp\/v2\/media?parent=104"}],"curies":[{"name":"wp","href":"https:\/\/api.w.org\/{rel}","templated":true}]}}