{"id":108,"date":"2022-10-29T11:57:49","date_gmt":"2022-10-29T11:57:49","guid":{"rendered":"https:\/\/moebel-schroeder.net\/index.html\/?page_id=108"},"modified":"2022-11-18T10:26:59","modified_gmt":"2022-11-18T10:26:59","slug":"gardine-html","status":"publish","type":"page","link":"https:\/\/moebel-schroeder.net\/index.html\/gardine-html\/","title":{"rendered":"Guten Tag,"},"content":{"rendered":"\n<p>bei uns werden Gardinen und Vorh\u00e4nge individuell nach Ma\u00df in unserem N\u00e4hstudio gefertigt. Gemeinsam mit Ihrer Fachberaterin suchen Sie aus einer umfangreichen Musterkollektion die Stoffe aus, welche k\u00fcnftig Ihre Fenster und Ihren Raum versch\u00f6nern sollen. Wir beraten Sie gerne unter Ber\u00fccksichtigung Ihrer W\u00fcnsche, wie das Fenster k\u00fcnftig dekoriert sein kann. Eine professionelle Ausbildung und jahrelange Erfahrung sind ein Garant daf\u00fcr, dass Ihre Wohnung oder Ihr Haus mit den neuen Gardinen erstrahlen wird.<\/p>\n\n\n\n<figure class=\"wp-block-gallery has-nested-images columns-default is-cropped wp-block-gallery-1 is-layout-flex wp-block-gallery-is-layout-flex\">\n<figure class=\"wp-block-image size-large\"><img loading=\"lazy\" decoding=\"async\" width=\"1000\" height=\"667\" data-id=\"175\" src=\"http:\/\/moebel-schroeder.net\/wp-content\/uploads\/2022\/11\/537T-VHG19-HS-NEU.jpg\" alt=\"\" class=\"wp-image-175\" srcset=\"https:\/\/moebel-schroeder.net\/wp-content\/uploads\/2022\/11\/537T-VHG19-HS-NEU.jpg 1000w, https:\/\/moebel-schroeder.net\/wp-content\/uploads\/2022\/11\/537T-VHG19-HS-NEU-300x200.jpg 300w, https:\/\/moebel-schroeder.net\/wp-content\/uploads\/2022\/11\/537T-VHG19-HS-NEU-768x512.jpg 768w\" sizes=\"auto, (max-width: 1000px) 100vw, 1000px\" \/><\/figure>\n\n\n\n<figure class=\"wp-block-image size-large\"><img loading=\"lazy\" decoding=\"async\" width=\"1024\" height=\"683\" data-id=\"177\" src=\"http:\/\/moebel-schroeder.net\/wp-content\/uploads\/2022\/11\/8827_55177-1024x683.jpg\" alt=\"\" class=\"wp-image-177\" srcset=\"https:\/\/moebel-schroeder.net\/wp-content\/uploads\/2022\/11\/8827_55177-1024x683.jpg 1024w, https:\/\/moebel-schroeder.net\/wp-content\/uploads\/2022\/11\/8827_55177-300x200.jpg 300w, https:\/\/moebel-schroeder.net\/wp-content\/uploads\/2022\/11\/8827_55177-768x512.jpg 768w, https:\/\/moebel-schroeder.net\/wp-content\/uploads\/2022\/11\/8827_55177-1536x1024.jpg 1536w, https:\/\/moebel-schroeder.net\/wp-content\/uploads\/2022\/11\/8827_55177-2048x1366.jpg 2048w\" sizes=\"auto, (max-width: 1024px) 100vw, 1024px\" \/><\/figure>\n\n\n\n<figure class=\"wp-block-image size-large\"><img loading=\"lazy\" decoding=\"async\" width=\"1024\" height=\"805\" data-id=\"178\" src=\"http:\/\/moebel-schroeder.net\/wp-content\/uploads\/2022\/11\/8889_03_Oesen_D01-1024x805.jpg\" alt=\"\" class=\"wp-image-178\" srcset=\"https:\/\/moebel-schroeder.net\/wp-content\/uploads\/2022\/11\/8889_03_Oesen_D01-1024x805.jpg 1024w, https:\/\/moebel-schroeder.net\/wp-content\/uploads\/2022\/11\/8889_03_Oesen_D01-300x236.jpg 300w, https:\/\/moebel-schroeder.net\/wp-content\/uploads\/2022\/11\/8889_03_Oesen_D01-768x604.jpg 768w, https:\/\/moebel-schroeder.net\/wp-content\/uploads\/2022\/11\/8889_03_Oesen_D01-1536x1208.jpg 1536w, https:\/\/moebel-schroeder.net\/wp-content\/uploads\/2022\/11\/8889_03_Oesen_D01-2048x1611.jpg 2048w\" sizes=\"auto, (max-width: 1024px) 100vw, 1024px\" \/><\/figure>\n\n\n\n<figure class=\"wp-block-image size-large\"><img loading=\"lazy\" decoding=\"async\" width=\"1024\" height=\"683\" data-id=\"179\" src=\"http:\/\/moebel-schroeder.net\/wp-content\/uploads\/2022\/11\/8894_04_KB_D01-1024x683.jpg\" alt=\"\" class=\"wp-image-179\" srcset=\"https:\/\/moebel-schroeder.net\/wp-content\/uploads\/2022\/11\/8894_04_KB_D01-1024x683.jpg 1024w, https:\/\/moebel-schroeder.net\/wp-content\/uploads\/2022\/11\/8894_04_KB_D01-300x200.jpg 300w, https:\/\/moebel-schroeder.net\/wp-content\/uploads\/2022\/11\/8894_04_KB_D01-768x512.jpg 768w, https:\/\/moebel-schroeder.net\/wp-content\/uploads\/2022\/11\/8894_04_KB_D01-1536x1024.jpg 1536w, https:\/\/moebel-schroeder.net\/wp-content\/uploads\/2022\/11\/8894_04_KB_D01-2048x1365.jpg 2048w\" sizes=\"auto, (max-width: 1024px) 100vw, 1024px\" \/><\/figure>\n\n\n\n<figure class=\"wp-block-image size-large\"><img loading=\"lazy\" decoding=\"async\" width=\"868\" height=\"1024\" data-id=\"176\" src=\"http:\/\/moebel-schroeder.net\/wp-content\/uploads\/2022\/11\/8924_01_Kombi_D02-868x1024.jpg\" alt=\"\" class=\"wp-image-176\" srcset=\"https:\/\/moebel-schroeder.net\/wp-content\/uploads\/2022\/11\/8924_01_Kombi_D02-868x1024.jpg 868w, https:\/\/moebel-schroeder.net\/wp-content\/uploads\/2022\/11\/8924_01_Kombi_D02-254x300.jpg 254w, https:\/\/moebel-schroeder.net\/wp-content\/uploads\/2022\/11\/8924_01_Kombi_D02-768x906.jpg 768w, https:\/\/moebel-schroeder.net\/wp-content\/uploads\/2022\/11\/8924_01_Kombi_D02-1302x1536.jpg 1302w, https:\/\/moebel-schroeder.net\/wp-content\/uploads\/2022\/11\/8924_01_Kombi_D02-1736x2048.jpg 1736w\" sizes=\"auto, (max-width: 868px) 100vw, 868px\" \/><\/figure>\n<\/figure>\n\n\n\n<p><\/p>\n\n\n\n<p>Auch im Bereich Sonnenschutz (Rollos, Duorollos, Plissees oder Lamellenvorh\u00e4nge) sind wir Ihr Ansprechpartner. Gemeinsam werden wir passende Stoffe aussuchen und die Schienenfarben festlegen. Wir fertigen Ihre Sonnenschutzprodukte auf Ma\u00df.<\/p>\n\n\n\n<figure class=\"wp-block-gallery has-nested-images columns-default is-cropped wp-block-gallery-2 is-layout-flex wp-block-gallery-is-layout-flex\">\n<figure class=\"wp-block-image size-large\"><img loading=\"lazy\" decoding=\"async\" width=\"1024\" height=\"683\" data-id=\"259\" src=\"http:\/\/moebel-schroeder.net\/wp-content\/uploads\/2022\/11\/Doppelrollo-2-1-1024x683.jpg\" alt=\"\" class=\"wp-image-259\" srcset=\"https:\/\/moebel-schroeder.net\/wp-content\/uploads\/2022\/11\/Doppelrollo-2-1-1024x683.jpg 1024w, https:\/\/moebel-schroeder.net\/wp-content\/uploads\/2022\/11\/Doppelrollo-2-1-300x200.jpg 300w, https:\/\/moebel-schroeder.net\/wp-content\/uploads\/2022\/11\/Doppelrollo-2-1-768x512.jpg 768w, https:\/\/moebel-schroeder.net\/wp-content\/uploads\/2022\/11\/Doppelrollo-2-1-1536x1024.jpg 1536w, https:\/\/moebel-schroeder.net\/wp-content\/uploads\/2022\/11\/Doppelrollo-2-1-2048x1365.jpg 2048w\" sizes=\"auto, (max-width: 1024px) 100vw, 1024px\" \/><figcaption class=\"wp-element-caption\">Doppelrollo<\/figcaption><\/figure>\n\n\n\n<figure class=\"wp-block-image size-large\"><img loading=\"lazy\" decoding=\"async\" width=\"1024\" height=\"683\" data-id=\"254\" src=\"http:\/\/moebel-schroeder.net\/wp-content\/uploads\/2022\/11\/Jalousie-1-1024x683.jpg\" alt=\"\" class=\"wp-image-254\" srcset=\"https:\/\/moebel-schroeder.net\/wp-content\/uploads\/2022\/11\/Jalousie-1-1024x683.jpg 1024w, https:\/\/moebel-schroeder.net\/wp-content\/uploads\/2022\/11\/Jalousie-1-300x200.jpg 300w, https:\/\/moebel-schroeder.net\/wp-content\/uploads\/2022\/11\/Jalousie-1-768x512.jpg 768w, https:\/\/moebel-schroeder.net\/wp-content\/uploads\/2022\/11\/Jalousie-1-1536x1024.jpg 1536w, https:\/\/moebel-schroeder.net\/wp-content\/uploads\/2022\/11\/Jalousie-1-2048x1365.jpg 2048w\" sizes=\"auto, (max-width: 1024px) 100vw, 1024px\" \/><figcaption class=\"wp-element-caption\">Jalousie<\/figcaption><\/figure>\n\n\n\n<figure class=\"wp-block-image size-large\"><img loading=\"lazy\" decoding=\"async\" width=\"1024\" height=\"684\" data-id=\"255\" src=\"http:\/\/moebel-schroeder.net\/wp-content\/uploads\/2022\/11\/Plissee-7233-seelenfroh-1024x684.jpg\" alt=\"\" class=\"wp-image-255\" srcset=\"https:\/\/moebel-schroeder.net\/wp-content\/uploads\/2022\/11\/Plissee-7233-seelenfroh-1024x684.jpg 1024w, https:\/\/moebel-schroeder.net\/wp-content\/uploads\/2022\/11\/Plissee-7233-seelenfroh-300x200.jpg 300w, https:\/\/moebel-schroeder.net\/wp-content\/uploads\/2022\/11\/Plissee-7233-seelenfroh-768x513.jpg 768w, https:\/\/moebel-schroeder.net\/wp-content\/uploads\/2022\/11\/Plissee-7233-seelenfroh-1536x1026.jpg 1536w, https:\/\/moebel-schroeder.net\/wp-content\/uploads\/2022\/11\/Plissee-7233-seelenfroh-2048x1368.jpg 2048w\" sizes=\"auto, (max-width: 1024px) 100vw, 1024px\" \/><figcaption class=\"wp-element-caption\">Plissee 7233 seelenfroh<\/figcaption><\/figure>\n\n\n\n<figure class=\"wp-block-image size-large\"><img loading=\"lazy\" decoding=\"async\" width=\"671\" height=\"1024\" data-id=\"257\" src=\"http:\/\/moebel-schroeder.net\/wp-content\/uploads\/2022\/11\/Plissee-7537-unsere-Zukunft_2-671x1024.jpg\" alt=\"\" class=\"wp-image-257\" srcset=\"https:\/\/moebel-schroeder.net\/wp-content\/uploads\/2022\/11\/Plissee-7537-unsere-Zukunft_2-671x1024.jpg 671w, https:\/\/moebel-schroeder.net\/wp-content\/uploads\/2022\/11\/Plissee-7537-unsere-Zukunft_2-196x300.jpg 196w, https:\/\/moebel-schroeder.net\/wp-content\/uploads\/2022\/11\/Plissee-7537-unsere-Zukunft_2-768x1173.jpg 768w, https:\/\/moebel-schroeder.net\/wp-content\/uploads\/2022\/11\/Plissee-7537-unsere-Zukunft_2-1006x1536.jpg 1006w, https:\/\/moebel-schroeder.net\/wp-content\/uploads\/2022\/11\/Plissee-7537-unsere-Zukunft_2-1341x2048.jpg 1341w, https:\/\/moebel-schroeder.net\/wp-content\/uploads\/2022\/11\/Plissee-7537-unsere-Zukunft_2-scaled.jpg 1676w\" sizes=\"auto, (max-width: 671px) 100vw, 671px\" \/><figcaption class=\"wp-element-caption\">Plissee 7537 unsere Zukunft 2<\/figcaption><\/figure>\n\n\n\n<figure class=\"wp-block-image size-large\"><img loading=\"lazy\" decoding=\"async\" width=\"682\" height=\"1024\" data-id=\"258\" src=\"http:\/\/moebel-schroeder.net\/wp-content\/uploads\/2022\/11\/Rollo-1-682x1024.jpg\" alt=\"\" class=\"wp-image-258\" srcset=\"https:\/\/moebel-schroeder.net\/wp-content\/uploads\/2022\/11\/Rollo-1-682x1024.jpg 682w, https:\/\/moebel-schroeder.net\/wp-content\/uploads\/2022\/11\/Rollo-1-200x300.jpg 200w, https:\/\/moebel-schroeder.net\/wp-content\/uploads\/2022\/11\/Rollo-1-768x1152.jpg 768w, https:\/\/moebel-schroeder.net\/wp-content\/uploads\/2022\/11\/Rollo-1-1024x1536.jpg 1024w, https:\/\/moebel-schroeder.net\/wp-content\/uploads\/2022\/11\/Rollo-1-1365x2048.jpg 1365w, https:\/\/moebel-schroeder.net\/wp-content\/uploads\/2022\/11\/Rollo-1-scaled.jpg 1706w\" sizes=\"auto, (max-width: 682px) 100vw, 682px\" \/><figcaption class=\"wp-element-caption\">Rollo<\/figcaption><\/figure>\n\n\n\n<figure class=\"wp-block-image size-large\"><img loading=\"lazy\" decoding=\"async\" width=\"1024\" height=\"683\" data-id=\"260\" src=\"http:\/\/moebel-schroeder.net\/wp-content\/uploads\/2022\/11\/Vertikal-1-1024x683.jpg\" alt=\"\" class=\"wp-image-260\" srcset=\"https:\/\/moebel-schroeder.net\/wp-content\/uploads\/2022\/11\/Vertikal-1-1024x683.jpg 1024w, https:\/\/moebel-schroeder.net\/wp-content\/uploads\/2022\/11\/Vertikal-1-300x200.jpg 300w, https:\/\/moebel-schroeder.net\/wp-content\/uploads\/2022\/11\/Vertikal-1-768x512.jpg 768w, https:\/\/moebel-schroeder.net\/wp-content\/uploads\/2022\/11\/Vertikal-1-1536x1024.jpg 1536w, https:\/\/moebel-schroeder.net\/wp-content\/uploads\/2022\/11\/Vertikal-1-2048x1365.jpg 2048w\" sizes=\"auto, (max-width: 1024px) 100vw, 1024px\" \/><figcaption class=\"wp-element-caption\">Vertikalanlagen<\/figcaption><\/figure>\n\n\n\n<figure class=\"wp-block-image size-large\"><img loading=\"lazy\" decoding=\"async\" width=\"1024\" height=\"696\" data-id=\"256\" src=\"http:\/\/moebel-schroeder.net\/wp-content\/uploads\/2022\/11\/Wabenplissee-3-1024x696.jpg\" alt=\"\" class=\"wp-image-256\" srcset=\"https:\/\/moebel-schroeder.net\/wp-content\/uploads\/2022\/11\/Wabenplissee-3-1024x696.jpg 1024w, https:\/\/moebel-schroeder.net\/wp-content\/uploads\/2022\/11\/Wabenplissee-3-300x204.jpg 300w, https:\/\/moebel-schroeder.net\/wp-content\/uploads\/2022\/11\/Wabenplissee-3-768x522.jpg 768w, https:\/\/moebel-schroeder.net\/wp-content\/uploads\/2022\/11\/Wabenplissee-3-1536x1044.jpg 1536w, https:\/\/moebel-schroeder.net\/wp-content\/uploads\/2022\/11\/Wabenplissee-3-2048x1392.jpg 2048w\" sizes=\"auto, (max-width: 1024px) 100vw, 1024px\" \/><figcaption class=\"wp-element-caption\">Wabenplissees<\/figcaption><\/figure>\n<\/figure>\n\n\n\n<p><\/p>\n\n\n\n<p>Sie haben noch Fragen?<br>Wir freuen uns auf Ihren Besuch.<\/p>\n","protected":false},"excerpt":{"rendered":"<p>bei uns werden Gardinen und Vorh\u00e4nge individuell nach Ma\u00df in unserem N\u00e4hstudio gefertigt. Gemeinsam mit Ihrer Fachberaterin suchen Sie aus einer umfangreichen Musterkollektion die Stoffe aus, welche k\u00fcnftig Ihre Fenster und Ihren Raum versch\u00f6nern sollen. Wir beraten Sie gerne unter Ber\u00fccksichtigung Ihrer W\u00fcnsche, wie das Fenster k\u00fcnftig dekoriert sein kann. Eine professionelle Ausbildung und jahrelange [&hellip;]<\/p>\n","protected":false},"author":1,"featured_media":0,"parent":0,"menu_order":0,"comment_status":"closed","ping_status":"closed","template":"","meta":{"footnotes":""},"class_list":["post-108","page","type-page","status-publish","hentry"],"_links":{"self":[{"href":"https:\/\/moebel-schroeder.net\/index.html\/wp-json\/wp\/v2\/pages\/108","targetHints":{"allow":["GET"]}}],"collection":[{"href":"https:\/\/moebel-schroeder.net\/index.html\/wp-json\/wp\/v2\/pages"}],"about":[{"href":"https:\/\/moebel-schroeder.net\/index.html\/wp-json\/wp\/v2\/types\/page"}],"author":[{"embeddable":true,"href":"https:\/\/moebel-schroeder.net\/index.html\/wp-json\/wp\/v2\/users\/1"}],"replies":[{"embeddable":true,"href":"https:\/\/moebel-schroeder.net\/index.html\/wp-json\/wp\/v2\/comments?post=108"}],"version-history":[{"count":12,"href":"https:\/\/moebel-schroeder.net\/index.html\/wp-json\/wp\/v2\/pages\/108\/revisions"}],"predecessor-version":[{"id":263,"href":"https:\/\/moebel-schroeder.net\/index.html\/wp-json\/wp\/v2\/pages\/108\/revisions\/263"}],"wp:attachment":[{"href":"https:\/\/moebel-schroeder.net\/index.html\/wp-json\/wp\/v2\/media?parent=108"}],"curies":[{"name":"wp","href":"https:\/\/api.w.org\/{rel}","templated":true}]}}