{"id":109,"date":"2022-10-29T11:57:49","date_gmt":"2022-10-29T11:57:49","guid":{"rendered":"https:\/\/moebel-schroeder.net\/index.html\/?page_id=109"},"modified":"2022-11-09T10:37:42","modified_gmt":"2022-11-09T10:37:42","slug":"service-html","status":"publish","type":"page","link":"https:\/\/moebel-schroeder.net\/index.html\/service-html\/","title":{"rendered":"Unser Service f\u00fcr Sie"},"content":{"rendered":"\n<h5 class=\"wp-block-heading\">Aufma\u00dfservice<\/h5>\n\n\n\n<p>Auf Wunsch kommen wir zu Ihnen nach Hause, messen und beraten Sie vor Ort. Bitte vereinbaren Sie daf\u00fcr telefonisch einen Termin mit uns. <\/p>\n\n\n\n<h5 class=\"wp-block-heading\">N\u00e4hservice<\/h5>\n\n\n\n<p>Wir fertigen f\u00fcr Sie Ihre individuelle Fenstergestaltung.<\/p>\n\n\n\n<ul class=\"wp-block-list\">\n<li>Gardinen<\/li>\n\n\n\n<li>Raffrollos<\/li>\n\n\n\n<li>Fl\u00e4chenvorh\u00e4nge<\/li>\n\n\n\n<li>und vieles mehr&#8230;<\/li>\n<\/ul>\n\n\n\n<h5 class=\"wp-block-heading\">Verlegeservice<\/h5>\n\n\n\n<p>F\u00fcr Teppichboden, PVC-Belag, Vinylbelag und Laminat bieten wir Ihnen die Verlegung an. Sie haben einen alten Fliesenboden, kein Problem. Wir grundieren, spachteln und bringen einen Ausgleich ein, bereiten den Fu\u00dfboden verlegefertig vor. Nach dem trocknen, kann der Belag verlegt werden. Gerne unterbreiten wir Ihnen ein Angebot.  <\/p>\n\n\n\n<h5 class=\"wp-block-heading\">Planungsservice\/ 3D Computerplanung<\/h5>\n\n\n\n<p>Wir planen f\u00fcr Sie am PC:<\/p>\n\n\n\n<ul class=\"wp-block-list\">\n<li>Einbauk\u00fcchen<\/li>\n\n\n\n<li>Badm\u00f6bel<\/li>\n\n\n\n<li>Wohnzimmer<\/li>\n\n\n\n<li>Schlafzimmer<\/li>\n\n\n\n<li>Polsterm\u00f6bel<\/li>\n<\/ul>\n\n\n\n<h5 class=\"wp-block-heading\">Finanzierung<\/h5>\n\n\n\n<p>Finanzieren Sie Ihre K\u00fcche, M\u00f6bel oder Polstergarnitur einfach mit einem unser Finanzpartner. Wir vermitteln Ihnen eine Ratenzahlung mit der Targobank oder der Cronbank.  <\/p>\n","protected":false},"excerpt":{"rendered":"<p>Aufma\u00dfservice Auf Wunsch kommen wir zu Ihnen nach Hause, messen und beraten Sie vor Ort. Bitte vereinbaren Sie daf\u00fcr telefonisch einen Termin mit uns. N\u00e4hservice Wir fertigen f\u00fcr Sie Ihre individuelle Fenstergestaltung. Verlegeservice F\u00fcr Teppichboden, PVC-Belag, Vinylbelag und Laminat bieten wir Ihnen die Verlegung an. Sie haben einen alten Fliesenboden, kein Problem. Wir grundieren, spachteln [&hellip;]<\/p>\n","protected":false},"author":1,"featured_media":0,"parent":0,"menu_order":0,"comment_status":"closed","ping_status":"closed","template":"","meta":{"footnotes":""},"class_list":["post-109","page","type-page","status-publish","hentry"],"_links":{"self":[{"href":"https:\/\/moebel-schroeder.net\/index.html\/wp-json\/wp\/v2\/pages\/109","targetHints":{"allow":["GET"]}}],"collection":[{"href":"https:\/\/moebel-schroeder.net\/index.html\/wp-json\/wp\/v2\/pages"}],"about":[{"href":"https:\/\/moebel-schroeder.net\/index.html\/wp-json\/wp\/v2\/types\/page"}],"author":[{"embeddable":true,"href":"https:\/\/moebel-schroeder.net\/index.html\/wp-json\/wp\/v2\/users\/1"}],"replies":[{"embeddable":true,"href":"https:\/\/moebel-schroeder.net\/index.html\/wp-json\/wp\/v2\/comments?post=109"}],"version-history":[{"count":9,"href":"https:\/\/moebel-schroeder.net\/index.html\/wp-json\/wp\/v2\/pages\/109\/revisions"}],"predecessor-version":[{"id":222,"href":"https:\/\/moebel-schroeder.net\/index.html\/wp-json\/wp\/v2\/pages\/109\/revisions\/222"}],"wp:attachment":[{"href":"https:\/\/moebel-schroeder.net\/index.html\/wp-json\/wp\/v2\/media?parent=109"}],"curies":[{"name":"wp","href":"https:\/\/api.w.org\/{rel}","templated":true}]}}