{"id":240,"date":"2022-11-17T14:32:40","date_gmt":"2022-11-17T14:32:40","guid":{"rendered":"http:\/\/moebel-schroeder.net\/index.html\/?page_id=240"},"modified":"2022-11-17T14:32:40","modified_gmt":"2022-11-17T14:32:40","slug":"impressum","status":"publish","type":"page","link":"https:\/\/moebel-schroeder.net\/index.html\/impressum\/","title":{"rendered":"Impressum"},"content":{"rendered":"\n<h5 class=\"wp-block-heading\">Angaben gem\u00e4\u00df \u00a7 5 TMG<\/h5>\n\n\n\n<p class=\"has-small-font-size\">M\u00f6bel &amp; Teppich Schr\u00f6der GmbH<br>Am Dorfe 1G<br>06493 K\u00f6nigerode<\/p>\n\n\n\n<p class=\"has-small-font-size\">Handelsregister: HRB 109458<br>Registergericht: Amtsgericht Stendal<\/p>\n\n\n\n<p class=\"has-small-font-size\">Vertreten durch:<br>Yves Schr\u00f6der<\/p>\n\n\n\n<h4 class=\"wp-block-heading\">Kontakt<\/h4>\n\n\n\n<p class=\"has-small-font-size\">Telefon: 039484 959 0<br>Telefax: 039484 959 59<br>E-Mail: info@moebel-schroeder.net<\/p>\n\n\n\n<h4 class=\"wp-block-heading\">Umsatzsteuer-ID<\/h4>\n\n\n\n<p class=\"has-small-font-size\">Umsatzsteuer-Identifikationsnummer gem\u00e4\u00df \u00a7 27 a Umsatzsteuergesetz:<br>DE179836220<\/p>\n\n\n\n<h4 class=\"wp-block-heading\">EU-Streitschlichtung<\/h4>\n\n\n\n<p class=\"has-small-font-size\">Die Europ\u00e4ische Kommission stellt eine Plattform zur Online-Streitbeilegung (OS) bereit:<br><a href=\"https:\/\/ec.europa.eu\/consumers\/odr\/.\" target=\"_blank\" rel=\"noreferrer noopener\">https:\/\/ec.europa.eu\/consumers\/odr\/.<\/a><br>Unsere E-Mail-Adresse finden Sie oben im Impressum.<\/p>\n\n\n\n<h4 class=\"wp-block-heading\">Verbraucherstreitbeilegung\/Universalschlichtungsstelle<\/h4>\n\n\n\n<p class=\"has-small-font-size\">Wir sind nicht bereit oder verpflichtet, an Streitbeilegungsverfahren vor einer<br>Verbraucherschlichtungsstelle teilzunehmen.<\/p>\n\n\n\n<p>Quelle:<br><a href=\"https:\/\/www.e-recht24.de\/\" data-type=\"URL\" data-id=\"https:\/\/www.e-recht24.de\/\" target=\"_blank\" rel=\"noreferrer noopener\">eRecht24<\/a><\/p>\n","protected":false},"excerpt":{"rendered":"<p>Angaben gem\u00e4\u00df \u00a7 5 TMG M\u00f6bel &amp; Teppich Schr\u00f6der GmbHAm Dorfe 1G06493 K\u00f6nigerode Handelsregister: HRB 109458Registergericht: Amtsgericht Stendal Vertreten durch:Yves Schr\u00f6der Kontakt Telefon: 039484 959 0Telefax: 039484 959 59E-Mail: info@moebel-schroeder.net Umsatzsteuer-ID Umsatzsteuer-Identifikationsnummer gem\u00e4\u00df \u00a7 27 a Umsatzsteuergesetz:DE179836220 EU-Streitschlichtung Die Europ\u00e4ische Kommission stellt eine Plattform zur Online-Streitbeilegung (OS) bereit:https:\/\/ec.europa.eu\/consumers\/odr\/.Unsere E-Mail-Adresse finden Sie oben im Impressum. Verbraucherstreitbeilegung\/Universalschlichtungsstelle [&hellip;]<\/p>\n","protected":false},"author":1,"featured_media":0,"parent":0,"menu_order":0,"comment_status":"closed","ping_status":"closed","template":"","meta":{"footnotes":""},"class_list":["post-240","page","type-page","status-publish","hentry"],"_links":{"self":[{"href":"https:\/\/moebel-schroeder.net\/index.html\/wp-json\/wp\/v2\/pages\/240","targetHints":{"allow":["GET"]}}],"collection":[{"href":"https:\/\/moebel-schroeder.net\/index.html\/wp-json\/wp\/v2\/pages"}],"about":[{"href":"https:\/\/moebel-schroeder.net\/index.html\/wp-json\/wp\/v2\/types\/page"}],"author":[{"embeddable":true,"href":"https:\/\/moebel-schroeder.net\/index.html\/wp-json\/wp\/v2\/users\/1"}],"replies":[{"embeddable":true,"href":"https:\/\/moebel-schroeder.net\/index.html\/wp-json\/wp\/v2\/comments?post=240"}],"version-history":[{"count":1,"href":"https:\/\/moebel-schroeder.net\/index.html\/wp-json\/wp\/v2\/pages\/240\/revisions"}],"predecessor-version":[{"id":241,"href":"https:\/\/moebel-schroeder.net\/index.html\/wp-json\/wp\/v2\/pages\/240\/revisions\/241"}],"wp:attachment":[{"href":"https:\/\/moebel-schroeder.net\/index.html\/wp-json\/wp\/v2\/media?parent=240"}],"curies":[{"name":"wp","href":"https:\/\/api.w.org\/{rel}","templated":true}]}}