{"id":4,"date":"2022-10-20T13:36:04","date_gmt":"2022-10-20T13:36:04","guid":{"rendered":"https:\/\/moebel-schroeder.net\/willkommen-auf-https-moebel-schroeder-net\/"},"modified":"2025-01-27T12:28:15","modified_gmt":"2025-01-27T12:28:15","slug":"willkommen-auf-https-moebel-schroeder-net","status":"publish","type":"page","link":"https:\/\/moebel-schroeder.net\/index.html\/","title":{"rendered":"M\u00f6bel &#038; Teppich Schr\u00f6der GmbH in K\u00f6nigerode"},"content":{"rendered":"\n<h4 class=\"wp-block-heading\">Das Unternehmen &#8211; Gr\u00fcndungsjahr 1990<\/h4>\n\n\n\n<p>Die M\u00f6bel &amp; Teppich Schr\u00f6der GmbH setzt auf Tradition.<br>Riesige Auswahl und Sympathie d\u00fcrfen hier nicht fehlen.<\/p>\n\n\n\n<h3 class=\"wp-block-heading\">Direkt an der B242 mit gro\u00dfem Parkplatz<\/h3>\n\n\n\n<p>Unser M\u00f6belhaus in K\u00f6nigerode bietet Ihnen mit \u00fcber 5000 qm Fl\u00e4che, Familienfreundlichkeit und eine gro\u00dfe Auswahl zu g\u00fcnstigen Preisen, eine gute Erreichbarkeit und Sympathie. Unsere freundlichen Mitarbeiter sind Tag f\u00fcr Tag f\u00fcr die Umsetzung Ihrer W\u00fcnsche da. Damit jeder Ihrer Eink\u00e4ufe bei uns zu einem sch\u00f6nen Erlebnis wird.<\/p>\n\n\n\n<h3 class=\"wp-block-heading\">Unsere St\u00e4rke &#8211; Alles unter einem Dach, f\u00fcr Ihr sch\u00f6nes zu Hause.<\/h3>\n\n\n\n<ul class=\"wp-block-list\">\n<li>Wir bieten eine Komplettauswahl f\u00fcr Ihre Wohnung.<\/li>\n\n\n\n<li>Bei uns k\u00f6nnen Sie sich&nbsp;<em><strong>alles&nbsp;<\/strong><\/em>passend f\u00fcr Ihr zu Hause zusammenstellen lassen.<\/li>\n\n\n\n<li>passender Fu\u00dfbodenbelag, passender Teppich<\/li>\n\n\n\n<li>passende Tapete<\/li>\n\n\n\n<li>passende Gardinen<\/li>\n\n\n\n<li>passende M\u00f6bel<\/li>\n\n\n\n<li>Besuchen Sie uns und \u00fcberzeugen Sie sich von einem der gr\u00f6\u00dften M\u00f6belh\u00e4user in unserer Region.<\/li>\n\n\n\n<li>Unser Personal ber\u00e4t Sie gerne&nbsp;<em><strong>quer&nbsp;<\/strong><\/em>durch alle Abteilungen unseres Hauses.<\/li>\n<\/ul>\n\n\n\n<p><\/p>\n","protected":false},"excerpt":{"rendered":"<p>Das Unternehmen &#8211; Gr\u00fcndungsjahr 1990 Die M\u00f6bel &amp; Teppich Schr\u00f6der GmbH setzt auf Tradition.Riesige Auswahl und Sympathie d\u00fcrfen hier nicht fehlen. Direkt an der B242 mit gro\u00dfem Parkplatz Unser M\u00f6belhaus in K\u00f6nigerode bietet Ihnen mit \u00fcber 5000 qm Fl\u00e4che, Familienfreundlichkeit und eine gro\u00dfe Auswahl zu g\u00fcnstigen Preisen, eine gute Erreichbarkeit und Sympathie. Unsere freundlichen Mitarbeiter [&hellip;]<\/p>\n","protected":false},"author":1,"featured_media":0,"parent":0,"menu_order":0,"comment_status":"closed","ping_status":"open","template":"","meta":{"footnotes":""},"class_list":["post-4","page","type-page","status-publish","hentry"],"_links":{"self":[{"href":"https:\/\/moebel-schroeder.net\/index.html\/wp-json\/wp\/v2\/pages\/4","targetHints":{"allow":["GET"]}}],"collection":[{"href":"https:\/\/moebel-schroeder.net\/index.html\/wp-json\/wp\/v2\/pages"}],"about":[{"href":"https:\/\/moebel-schroeder.net\/index.html\/wp-json\/wp\/v2\/types\/page"}],"author":[{"embeddable":true,"href":"https:\/\/moebel-schroeder.net\/index.html\/wp-json\/wp\/v2\/users\/1"}],"replies":[{"embeddable":true,"href":"https:\/\/moebel-schroeder.net\/index.html\/wp-json\/wp\/v2\/comments?post=4"}],"version-history":[{"count":8,"href":"https:\/\/moebel-schroeder.net\/index.html\/wp-json\/wp\/v2\/pages\/4\/revisions"}],"predecessor-version":[{"id":303,"href":"https:\/\/moebel-schroeder.net\/index.html\/wp-json\/wp\/v2\/pages\/4\/revisions\/303"}],"wp:attachment":[{"href":"https:\/\/moebel-schroeder.net\/index.html\/wp-json\/wp\/v2\/media?parent=4"}],"curies":[{"name":"wp","href":"https:\/\/api.w.org\/{rel}","templated":true}]}}