{"id":83,"date":"2022-10-28T16:15:34","date_gmt":"2022-10-28T16:15:34","guid":{"rendered":"https:\/\/moebel-schroeder.net\/index.html\/?page_id=83"},"modified":"2022-11-04T11:07:49","modified_gmt":"2022-11-04T11:07:49","slug":"wohnmoebel","status":"publish","type":"page","link":"https:\/\/moebel-schroeder.net\/index.html\/wohnmoebel\/","title":{"rendered":"Wohlf\u00fchlen mit unseren Wohnzimmerm\u00f6beln"},"content":{"rendered":"\n<figure class=\"wp-block-image size-large\"><img loading=\"lazy\" decoding=\"async\" width=\"1024\" height=\"576\" src=\"https:\/\/moebel-schroeder.net\/wp-content\/uploads\/2022\/10\/rmw_intro-1024x576.jpg\" alt=\"\" class=\"wp-image-91\" srcset=\"https:\/\/moebel-schroeder.net\/wp-content\/uploads\/2022\/10\/rmw_intro-1024x576.jpg 1024w, https:\/\/moebel-schroeder.net\/wp-content\/uploads\/2022\/10\/rmw_intro-300x169.jpg 300w, https:\/\/moebel-schroeder.net\/wp-content\/uploads\/2022\/10\/rmw_intro-768x432.jpg 768w, https:\/\/moebel-schroeder.net\/wp-content\/uploads\/2022\/10\/rmw_intro-1536x864.jpg 1536w, https:\/\/moebel-schroeder.net\/wp-content\/uploads\/2022\/10\/rmw_intro.jpg 1920w\" sizes=\"auto, (max-width: 1024px) 100vw, 1024px\" \/><figcaption class=\"wp-element-caption\">Einrichtungsbeispiel S00845<br>Die gezeigte Inneneinrichtung stellt lediglich eine Einrichtungsbeispiel dar. Mit diesem System erhalten Sie vielf\u00e4ltige M\u00f6glichkeiten in der Typik, Kombination und Oberfl\u00e4che eine individuelle Inneneinrichtung zu planen.<\/figcaption><\/figure>\n\n\n\n<figure class=\"wp-block-gallery has-nested-images columns-default is-cropped wp-block-gallery-1 is-layout-flex wp-block-gallery-is-layout-flex\">\n<figure class=\"wp-block-image size-large\"><img loading=\"lazy\" decoding=\"async\" width=\"1024\" height=\"576\" data-id=\"124\" src=\"https:\/\/moebel-schroeder.net\/wp-content\/uploads\/2022\/10\/rmw_header-843-1024x576.jpg\" alt=\"\" class=\"wp-image-124\" srcset=\"https:\/\/moebel-schroeder.net\/wp-content\/uploads\/2022\/10\/rmw_header-843-1024x576.jpg 1024w, https:\/\/moebel-schroeder.net\/wp-content\/uploads\/2022\/10\/rmw_header-843-300x169.jpg 300w, https:\/\/moebel-schroeder.net\/wp-content\/uploads\/2022\/10\/rmw_header-843-768x432.jpg 768w, https:\/\/moebel-schroeder.net\/wp-content\/uploads\/2022\/10\/rmw_header-843-1536x864.jpg 1536w, https:\/\/moebel-schroeder.net\/wp-content\/uploads\/2022\/10\/rmw_header-843.jpg 1920w\" sizes=\"auto, (max-width: 1024px) 100vw, 1024px\" \/><figcaption class=\"wp-element-caption\">Einrichtungsbeispiel S00843<\/figcaption><\/figure>\n\n\n\n<figure class=\"wp-block-image size-large\"><img loading=\"lazy\" decoding=\"async\" width=\"1024\" height=\"576\" data-id=\"123\" src=\"https:\/\/moebel-schroeder.net\/wp-content\/uploads\/2022\/10\/rmw_img_000002382-1024x576.jpg\" alt=\"\" class=\"wp-image-123\" srcset=\"https:\/\/moebel-schroeder.net\/wp-content\/uploads\/2022\/10\/rmw_img_000002382-1024x576.jpg 1024w, https:\/\/moebel-schroeder.net\/wp-content\/uploads\/2022\/10\/rmw_img_000002382-300x169.jpg 300w, https:\/\/moebel-schroeder.net\/wp-content\/uploads\/2022\/10\/rmw_img_000002382-768x432.jpg 768w, https:\/\/moebel-schroeder.net\/wp-content\/uploads\/2022\/10\/rmw_img_000002382-1536x864.jpg 1536w, https:\/\/moebel-schroeder.net\/wp-content\/uploads\/2022\/10\/rmw_img_000002382.jpg 1920w\" sizes=\"auto, (max-width: 1024px) 100vw, 1024px\" \/><figcaption class=\"wp-element-caption\">Auch hier ist eine 3D Planung am PC m\u00f6glich.<\/figcaption><\/figure>\n<\/figure>\n\n\n\n<p class=\"has-small-font-size\">Die gezeigte Inneneinrichtung stellt lediglich eine Einrichtungsbeispiel dar. Auf Wunsch planen wir mit Ihnen gemeinsam die neue Wohnzimmereinrichtung in 3D am PC.<\/p>\n\n\n\n<figure class=\"wp-block-gallery has-nested-images columns-default is-cropped wp-block-gallery-2 is-layout-flex wp-block-gallery-is-layout-flex\">\n<figure class=\"wp-block-image size-large\"><img loading=\"lazy\" decoding=\"async\" width=\"1024\" height=\"576\" data-id=\"130\" src=\"https:\/\/moebel-schroeder.net\/wp-content\/uploads\/2022\/10\/FG_rmw_img_000002202-1024x576.jpg\" alt=\"\" class=\"wp-image-130\" srcset=\"https:\/\/moebel-schroeder.net\/wp-content\/uploads\/2022\/10\/FG_rmw_img_000002202-1024x576.jpg 1024w, https:\/\/moebel-schroeder.net\/wp-content\/uploads\/2022\/10\/FG_rmw_img_000002202-300x169.jpg 300w, https:\/\/moebel-schroeder.net\/wp-content\/uploads\/2022\/10\/FG_rmw_img_000002202-768x432.jpg 768w, https:\/\/moebel-schroeder.net\/wp-content\/uploads\/2022\/10\/FG_rmw_img_000002202-1536x864.jpg 1536w, https:\/\/moebel-schroeder.net\/wp-content\/uploads\/2022\/10\/FG_rmw_img_000002202.jpg 1920w\" sizes=\"auto, (max-width: 1024px) 100vw, 1024px\" \/><figcaption class=\"wp-element-caption\">RMW &#8211; Flurgarderobe<\/figcaption><\/figure>\n\n\n\n<figure class=\"wp-block-image size-large\"><img loading=\"lazy\" decoding=\"async\" width=\"1024\" height=\"576\" data-id=\"129\" src=\"https:\/\/moebel-schroeder.net\/wp-content\/uploads\/2022\/10\/FG_rmw_img_000002386-1024x576.jpg\" alt=\"\" class=\"wp-image-129\" srcset=\"https:\/\/moebel-schroeder.net\/wp-content\/uploads\/2022\/10\/FG_rmw_img_000002386-1024x576.jpg 1024w, https:\/\/moebel-schroeder.net\/wp-content\/uploads\/2022\/10\/FG_rmw_img_000002386-300x169.jpg 300w, https:\/\/moebel-schroeder.net\/wp-content\/uploads\/2022\/10\/FG_rmw_img_000002386-768x432.jpg 768w, https:\/\/moebel-schroeder.net\/wp-content\/uploads\/2022\/10\/FG_rmw_img_000002386-1536x864.jpg 1536w, https:\/\/moebel-schroeder.net\/wp-content\/uploads\/2022\/10\/FG_rmw_img_000002386.jpg 1920w\" sizes=\"auto, (max-width: 1024px) 100vw, 1024px\" \/><figcaption class=\"wp-element-caption\">RMW &#8211; Flurgarderobe<\/figcaption><\/figure>\n\n\n\n<figure class=\"wp-block-image size-large\"><img loading=\"lazy\" decoding=\"async\" width=\"1024\" height=\"576\" data-id=\"131\" src=\"https:\/\/moebel-schroeder.net\/wp-content\/uploads\/2022\/10\/FG_rmw_img_000002601-1024x576.jpg\" alt=\"\" class=\"wp-image-131\" srcset=\"https:\/\/moebel-schroeder.net\/wp-content\/uploads\/2022\/10\/FG_rmw_img_000002601-1024x576.jpg 1024w, https:\/\/moebel-schroeder.net\/wp-content\/uploads\/2022\/10\/FG_rmw_img_000002601-300x169.jpg 300w, https:\/\/moebel-schroeder.net\/wp-content\/uploads\/2022\/10\/FG_rmw_img_000002601-768x432.jpg 768w, https:\/\/moebel-schroeder.net\/wp-content\/uploads\/2022\/10\/FG_rmw_img_000002601-1536x864.jpg 1536w, https:\/\/moebel-schroeder.net\/wp-content\/uploads\/2022\/10\/FG_rmw_img_000002601.jpg 1920w\" sizes=\"auto, (max-width: 1024px) 100vw, 1024px\" \/><figcaption class=\"wp-element-caption\">RMW &#8211; Flurgarderobe<\/figcaption><\/figure>\n<\/figure>\n\n\n\n<p>Wir beraten Sie gerne.<\/p>\n","protected":false},"excerpt":{"rendered":"<p>Die gezeigte Inneneinrichtung stellt lediglich eine Einrichtungsbeispiel dar. Auf Wunsch planen wir mit Ihnen gemeinsam die neue Wohnzimmereinrichtung in 3D am PC. Wir beraten Sie gerne.<\/p>\n","protected":false},"author":1,"featured_media":0,"parent":0,"menu_order":0,"comment_status":"closed","ping_status":"closed","template":"","meta":{"footnotes":""},"class_list":["post-83","page","type-page","status-publish","hentry"],"_links":{"self":[{"href":"https:\/\/moebel-schroeder.net\/index.html\/wp-json\/wp\/v2\/pages\/83","targetHints":{"allow":["GET"]}}],"collection":[{"href":"https:\/\/moebel-schroeder.net\/index.html\/wp-json\/wp\/v2\/pages"}],"about":[{"href":"https:\/\/moebel-schroeder.net\/index.html\/wp-json\/wp\/v2\/types\/page"}],"author":[{"embeddable":true,"href":"https:\/\/moebel-schroeder.net\/index.html\/wp-json\/wp\/v2\/users\/1"}],"replies":[{"embeddable":true,"href":"https:\/\/moebel-schroeder.net\/index.html\/wp-json\/wp\/v2\/comments?post=83"}],"version-history":[{"count":7,"href":"https:\/\/moebel-schroeder.net\/index.html\/wp-json\/wp\/v2\/pages\/83\/revisions"}],"predecessor-version":[{"id":153,"href":"https:\/\/moebel-schroeder.net\/index.html\/wp-json\/wp\/v2\/pages\/83\/revisions\/153"}],"wp:attachment":[{"href":"https:\/\/moebel-schroeder.net\/index.html\/wp-json\/wp\/v2\/media?parent=83"}],"curies":[{"name":"wp","href":"https:\/\/api.w.org\/{rel}","templated":true}]}}